{"id":369,"date":"2017-07-12T09:35:35","date_gmt":"2017-07-12T08:35:35","guid":{"rendered":"http:\/\/www.mickael-bigot-sculpteur.fr\/?page_id=369"},"modified":"2021-02-10T15:53:43","modified_gmt":"2021-02-10T14:53:43","slug":"accueil-2","status":"publish","type":"page","link":"https:\/\/www.mickael-bigot-sculpteur.fr\/","title":{"rendered":"Accueil"},"content":{"rendered":"<div id=\"pl-369\"  class=\"panel-layout\" ><div id=\"pg-369-0\"  class=\"panel-grid panel-no-style\" ><div id=\"pgc-369-0-0\"  class=\"panel-grid-cell\" ><div id=\"panel-369-0-0-0\" class=\"so-panel widget widget_sow-editor panel-first-child panel-last-child\" data-index=\"0\" ><div class=\"panel-widget-style panel-widget-style-for-369-0-0-0\" ><div class=\"so-widget-sow-editor so-widget-sow-editor-base\">\n<div class=\"siteorigin-widget-tinymce textwidget\">\n\t<div class=\"jsn-bootstrap3\">\n<div id=\"eHjvSK\" class=\"row \" style=\"padding: 10px;\">\n<div class=\"col-md-6 col-sm-6 col-xs-12 \">\n<div class=\"jsn-bootstrap3 wr-element-container wr-element-text\">\n<div id=\"Dae43D\" class=\"wr_text\">\n<p><span style=\"color: #ffffff;\">Micka\u00ebl Bigot est un sculpteur qui travaille \u00e0 l'instinct, au ressenti dans un dialogue incessant avec sa cr\u00e9ation.<br \/>\nSon mat\u00e9riau de pr\u00e9dilection est l'acier qu'il sublime, tout en intervenant le moins possible sur les pi\u00e8ces m\u00e9talliques collect\u00e9es, dans une exploration anatomique de l\u2019animal.<br \/>\nLe processus cr\u00e9atif d\u00e9bute d\u00e8s la recherche de la mati\u00e8re premi\u00e8re, v\u00e9ritable qu\u00eate de mat\u00e9riaux tant\u00f4t pour l\u2019attrait de leur forme, tant\u00f4t pour celui de leur texture mais toujours interpellant l\u2019artiste.<br \/>\nSon int\u00e9r\u00eat pour la r\u00e9cup\u00e9ration l\u2019am\u00e8ne naturellement \u00e0 travailler avec des mat\u00e9riaux dont l\u2019histoire transparaissant d\u2019un num\u00e9ro de s\u00e9rie ou l\u2019esth\u00e9tique d\u2019une texture oxyd\u00e9e, est susceptible \u00e0 elle seule d'insuffler l\u2019inspiration.<br \/>\nCes traces de vie ancr\u00e9es dans ces mat\u00e9riaux sont essentielles \u00e0 la cr\u00e9ation et participent, par la m\u00e9moire qu\u2019elles renferment, \u00e0 faire des animaux cr\u00e9\u00e9s par l\u2019artiste des \u00eatres presques vivants en se transfusant aux \u0153uvres.<br \/>\nAinsi, il met sa technique rigoureuse au service de son inspiration dans une recherche permanente de  l\u2019harmonie naissant de la fusion du mat\u00e9riau inerte et de l\u2019\u00e9motion vibrante, engendrant une \u0153uvre vivante d\u2019animalit\u00e9. <\/p>\n<p>D\u00e8s 2005, Micka\u00ebl est pr\u00e9sent \u00e0 un rythme r\u00e9gulier dans divers salons et participe \u00e0 de nombreuses expositions collectives.<br \/>\nSon travail fait \u00e9galement l\u2019objet de plusieurs expositions personnelles en France.<br \/>\nIl est r\u00e9guli\u00e8rement contact\u00e9 pour des commandes, \u00e9manant tant du secteur public que priv\u00e9.<\/span><\/p>\n<\/div>\n<\/div>\n<\/div>\n<div class=\"col-md-6 col-sm-6 col-xs-12 \"><\/div>\n<\/div>\n<\/div>\n<\/div>\n<\/div><\/div><\/div><\/div><div id=\"pgc-369-0-1\"  class=\"panel-grid-cell panel-grid-cell-empty panel-grid-cell-mobile-last\" ><\/div><div id=\"pgc-369-0-2\"  class=\"panel-grid-cell panel-grid-cell-empty\" ><\/div><\/div><\/div>","protected":false},"excerpt":{"rendered":"<p>Micka\u00ebl Bigot est un sculpteur qui travaille \u00e0 l&rsquo;instinct, au ressenti dans un dialogue incessant avec sa cr\u00e9ation. Son mat\u00e9riau de pr\u00e9dilection est l&rsquo;acier qu&rsquo;il sublime, tout en intervenant le moins possible sur les pi\u00e8ces m\u00e9talliques collect\u00e9es, dans une exploration anatomique de l\u2019animal. Le processus cr\u00e9atif d\u00e9bute d\u00e8s la recherche de la mati\u00e8re premi\u00e8re, v\u00e9ritable [&hellip;]<\/p>\n","protected":false},"author":1,"featured_media":0,"parent":0,"menu_order":0,"comment_status":"closed","ping_status":"closed","template":"page-full-width.php","meta":[],"_links":{"self":[{"href":"https:\/\/www.mickael-bigot-sculpteur.fr\/index.php?rest_route=\/wp\/v2\/pages\/369"}],"collection":[{"href":"https:\/\/www.mickael-bigot-sculpteur.fr\/index.php?rest_route=\/wp\/v2\/pages"}],"about":[{"href":"https:\/\/www.mickael-bigot-sculpteur.fr\/index.php?rest_route=\/wp\/v2\/types\/page"}],"author":[{"embeddable":true,"href":"https:\/\/www.mickael-bigot-sculpteur.fr\/index.php?rest_route=\/wp\/v2\/users\/1"}],"replies":[{"embeddable":true,"href":"https:\/\/www.mickael-bigot-sculpteur.fr\/index.php?rest_route=%2Fwp%2Fv2%2Fcomments&post=369"}],"version-history":[{"count":11,"href":"https:\/\/www.mickael-bigot-sculpteur.fr\/index.php?rest_route=\/wp\/v2\/pages\/369\/revisions"}],"predecessor-version":[{"id":449,"href":"https:\/\/www.mickael-bigot-sculpteur.fr\/index.php?rest_route=\/wp\/v2\/pages\/369\/revisions\/449"}],"wp:attachment":[{"href":"https:\/\/www.mickael-bigot-sculpteur.fr\/index.php?rest_route=%2Fwp%2Fv2%2Fmedia&parent=369"}],"curies":[{"name":"wp","href":"https:\/\/api.w.org\/{rel}","templated":true}]}}