{"id":255,"date":"2016-07-04T08:13:31","date_gmt":"2016-07-04T07:13:31","guid":{"rendered":"http:\/\/www.mickael-bigot-sculpteur.fr\/?page_id=255"},"modified":"2017-08-04T08:54:43","modified_gmt":"2017-08-04T07:54:43","slug":"contact-2","status":"publish","type":"page","link":"https:\/\/www.mickael-bigot-sculpteur.fr\/?page_id=255","title":{"rendered":"Contact"},"content":{"rendered":"<div id=\"pl-255\"  class=\"panel-layout\" ><div id=\"pg-255-0\"  class=\"panel-grid panel-has-style\" ><div class=\"panel-row-style panel-row-style-for-255-0\" ><div id=\"pgc-255-0-0\"  class=\"panel-grid-cell\" ><div id=\"panel-255-0-0-0\" class=\"so-panel widget widget_sow-editor panel-first-child panel-last-child\" data-index=\"0\" ><div class=\"so-widget-sow-editor so-widget-sow-editor-base\">\n<div class=\"siteorigin-widget-tinymce textwidget\">\n\t<div class=\"jsn-bootstrap3\">\n<div id=\"F0XXwF\" class=\"row \" style=\"padding: 10px;\">\n<div class=\"col-md-6 col-sm-6 col-xs-12 \">\n<div class=\"jsn-bootstrap3 wr-element-container wr-element-text\">\n<div id=\"ftEnEL\" class=\"wr_text\">\n<p style=\"text-align: center;\"><a href=\"http:\/\/www.mickael-bigot-sculpteur.fr\/wp-content\/uploads\/2017\/07\/geo2.png\"><img loading=\"lazy\" class=\"alignnone size-full wp-image-350\" src=\"http:\/\/www.mickael-bigot-sculpteur.fr\/wp-content\/uploads\/2017\/07\/geo2.png\" alt=\"geo\" width=\"41\" height=\"39\" \/><\/a><\/p>\n<p style=\"text-align: center; font-size: 18px; color: #ffffff;\">Le Ch\u00e2teau des P\u00e8res - 35150 Pir\u00e9-sur-Seiche<\/p>\n<p style=\"text-align: center;\"><a href=\"http:\/\/www.mickael-bigot-sculpteur.fr\/wp-content\/uploads\/2017\/07\/tel1.png\"><img loading=\"lazy\" class=\"alignnone size-full wp-image-352\" src=\"http:\/\/www.mickael-bigot-sculpteur.fr\/wp-content\/uploads\/2017\/07\/tel1.png\" alt=\"tel\" width=\"43\" height=\"33\" \/><\/a><\/p>\n<p style=\"text-align: center; font-size: 18px; ;color: #ffffff;\">06.02.50.06.27<\/p>\n<p style=\"text-align: center; font-size: 18px; ;color: #ffffff;\"><a href=\"http:\/\/www.mickael-bigot-sculpteur.fr\/wp-content\/uploads\/2017\/07\/Mail1.png\"><img loading=\"lazy\" class=\"alignnone size-full wp-image-351\" src=\"http:\/\/www.mickael-bigot-sculpteur.fr\/wp-content\/uploads\/2017\/07\/Mail1.png\" alt=\"Mail\" width=\"34\" height=\"26\" \/><\/a><\/p>\n<p style=\"text-align: center; font-size: 18px; color: #ffffff;\">contact@mickael-bigot-sculpteur.fr<\/p>\n<\/div>\n<\/div>\n<\/div>\n<\/div>\n<\/div>\n<\/div>\n<\/div><\/div><\/div><div id=\"pgc-255-0-1\"  class=\"panel-grid-cell\" ><div id=\"panel-255-0-1-0\" class=\"so-panel widget widget_sow-google-map panel-first-child panel-last-child\" data-index=\"1\" ><div class=\"so-widget-sow-google-map so-widget-sow-google-map-base\">\n<div class=\"sow-google-map-canvas\"\n     style=\"height:480px;\"\n     id=\"map-canvas-1ea01ea36fedc627fc68c064e8298a54\"\n     data-options=\"{&quot;address&quot;:&quot;35150 Pir\\u00e9 sur Seiche,&quot;,&quot;zoom&quot;:12,&quot;scrollZoom&quot;:true,&quot;draggable&quot;:true,&quot;disableUi&quot;:false,&quot;keepCentered&quot;:false,&quot;markerIcon&quot;:&quot;&quot;,&quot;markersDraggable&quot;:false,&quot;markerAtCenter&quot;:true,&quot;markerInfoDisplay&quot;:&quot;click&quot;,&quot;markerInfoMultiple&quot;:true,&quot;markerPositions&quot;:&quot;&quot;,&quot;mapName&quot;:&quot;&quot;,&quot;mapStyles&quot;:&quot;&quot;,&quot;directions&quot;:&quot;&quot;,&quot;apiKey&quot;:&quot;AIzaSyDx85lwVcdpdJaG7w6T_hG3_gBQfBDHV18 &quot;}\"\n     data-fallback-image=\"{&quot;img&quot;:&quot;&quot;}\"><\/div>\n<\/div><\/div><\/div><\/div><\/div><\/div>","protected":false},"excerpt":{"rendered":"<p>Le Ch\u00e2teau des P\u00e8res &#8211; 35150 Pir\u00e9-sur-Seiche 06.02.50.06.27 contact@mickael-bigot-sculpteur.fr<\/p>\n","protected":false},"author":1,"featured_media":261,"parent":0,"menu_order":4,"comment_status":"closed","ping_status":"closed","template":"page-full-width.php","meta":[],"_links":{"self":[{"href":"https:\/\/www.mickael-bigot-sculpteur.fr\/index.php?rest_route=\/wp\/v2\/pages\/255"}],"collection":[{"href":"https:\/\/www.mickael-bigot-sculpteur.fr\/index.php?rest_route=\/wp\/v2\/pages"}],"about":[{"href":"https:\/\/www.mickael-bigot-sculpteur.fr\/index.php?rest_route=\/wp\/v2\/types\/page"}],"author":[{"embeddable":true,"href":"https:\/\/www.mickael-bigot-sculpteur.fr\/index.php?rest_route=\/wp\/v2\/users\/1"}],"replies":[{"embeddable":true,"href":"https:\/\/www.mickael-bigot-sculpteur.fr\/index.php?rest_route=%2Fwp%2Fv2%2Fcomments&post=255"}],"version-history":[{"count":20,"href":"https:\/\/www.mickael-bigot-sculpteur.fr\/index.php?rest_route=\/wp\/v2\/pages\/255\/revisions"}],"predecessor-version":[{"id":424,"href":"https:\/\/www.mickael-bigot-sculpteur.fr\/index.php?rest_route=\/wp\/v2\/pages\/255\/revisions\/424"}],"wp:featuredmedia":[{"embeddable":true,"href":"https:\/\/www.mickael-bigot-sculpteur.fr\/index.php?rest_route=\/wp\/v2\/media\/261"}],"wp:attachment":[{"href":"https:\/\/www.mickael-bigot-sculpteur.fr\/index.php?rest_route=%2Fwp%2Fv2%2Fmedia&parent=255"}],"curies":[{"name":"wp","href":"https:\/\/api.w.org\/{rel}","templated":true}]}}